{"id":26,"date":"2023-06-27T18:59:55","date_gmt":"2023-06-27T21:59:55","guid":{"rendered":"http:\/\/sitioparaisohotel.com.br\/?page_id=26"},"modified":"2025-10-06T10:19:38","modified_gmt":"2025-10-06T13:19:38","slug":"a-cidade","status":"publish","type":"page","link":"https:\/\/sitioparaisohotel.com.br\/?page_id=26","title":{"rendered":"A cidade"},"content":{"rendered":"\t\t<div data-elementor-type=\"wp-page\" data-elementor-id=\"26\" class=\"elementor elementor-26\" data-elementor-post-type=\"page\">\n\t\t\t\t\t\t<section class=\"elementor-section elementor-top-section elementor-element elementor-element-5d79534 elementor-section-content-middle elementor-section-boxed elementor-section-height-default elementor-section-height-default\" data-id=\"5d79534\" data-element_type=\"section\">\n\t\t\t\t\t\t<div class=\"elementor-container elementor-column-gap-no\">\n\t\t\t\t\t<div class=\"elementor-column elementor-col-33 elementor-top-column elementor-element elementor-element-f871d74\" data-id=\"f871d74\" data-element_type=\"column\">\n\t\t\t<div class=\"elementor-widget-wrap elementor-element-populated\">\n\t\t\t\t\t\t<div class=\"elementor-element elementor-element-b3e47c2 elementor-widget elementor-widget-text-editor\" data-id=\"b3e47c2\" data-element_type=\"widget\" data-widget_type=\"text-editor.default\">\n\t\t\t\t<div class=\"elementor-widget-container\">\n\t\t\t\t\t\t\t\t\t<p>Descubra e curta<\/p>\t\t\t\t\t\t\t\t<\/div>\n\t\t\t\t<\/div>\n\t\t\t\t<div class=\"elementor-element elementor-element-5484e83 elementor-widget elementor-widget-heading\" data-id=\"5484e83\" data-element_type=\"widget\" data-widget_type=\"heading.default\">\n\t\t\t\t<div class=\"elementor-widget-container\">\n\t\t\t\t\t<h1 class=\"elementor-heading-title elementor-size-default\">A cidade<\/h1>\t\t\t\t<\/div>\n\t\t\t\t<\/div>\n\t\t\t\t<div class=\"elementor-element elementor-element-7a60db3 elementor-widget-divider--view-line elementor-widget elementor-widget-divider\" data-id=\"7a60db3\" data-element_type=\"widget\" data-widget_type=\"divider.default\">\n\t\t\t\t<div class=\"elementor-widget-container\">\n\t\t\t\t\t\t\t<div class=\"elementor-divider\">\n\t\t\t<span class=\"elementor-divider-separator\">\n\t\t\t\t\t\t<\/span>\n\t\t<\/div>\n\t\t\t\t\t\t<\/div>\n\t\t\t\t<\/div>\n\t\t\t\t\t<\/div>\n\t\t<\/div>\n\t\t\t\t<div class=\"elementor-column elementor-col-33 elementor-top-column elementor-element elementor-element-f15becb\" data-id=\"f15becb\" data-element_type=\"column\">\n\t\t\t<div class=\"elementor-widget-wrap elementor-element-populated\">\n\t\t\t\t\t\t<div class=\"elementor-element elementor-element-7d44c51 elementor-widget elementor-widget-text-editor\" data-id=\"7d44c51\" data-element_type=\"widget\" data-widget_type=\"text-editor.default\">\n\t\t\t\t<div class=\"elementor-widget-container\">\n\t\t\t\t\t\t\t\t\t<p data-start=\"123\" data-end=\"190\"><strong data-start=\"126\" data-end=\"187\">A Apenas 20 km da Encantadora Praia de Porto de Galinhas!<\/strong><\/p><p data-start=\"123\" data-end=\"190\">Imagine-se a poucos minutos de um dos destinos mais paradis\u00edacos do Brasil. N\u00f3s estamos a apenas <strong data-start=\"289\" data-end=\"328\">20 km da Praia de Porto de Galinhas<\/strong><\/p>\t\t\t\t\t\t\t\t<\/div>\n\t\t\t\t<\/div>\n\t\t\t\t<div class=\"elementor-element elementor-element-fd54f0e elementor-widget elementor-widget-image\" data-id=\"fd54f0e\" data-element_type=\"widget\" data-widget_type=\"image.default\">\n\t\t\t\t<div class=\"elementor-widget-container\">\n\t\t\t\t\t\t\t\t\t\t\t\t\t\t\t<img fetchpriority=\"high\" decoding=\"async\" width=\"1980\" height=\"1450\" src=\"https:\/\/sitioparaisohotel.com.br\/wp-content\/uploads\/2025\/10\/PiscNat-AHPG_vlubambo-7563-1980x1450-1.jpg\" class=\"elementor-animation-grow attachment-full size-full wp-image-679\" alt=\"\" srcset=\"https:\/\/sitioparaisohotel.com.br\/wp-content\/uploads\/2025\/10\/PiscNat-AHPG_vlubambo-7563-1980x1450-1.jpg 1980w, https:\/\/sitioparaisohotel.com.br\/wp-content\/uploads\/2025\/10\/PiscNat-AHPG_vlubambo-7563-1980x1450-1-300x220.jpg 300w, https:\/\/sitioparaisohotel.com.br\/wp-content\/uploads\/2025\/10\/PiscNat-AHPG_vlubambo-7563-1980x1450-1-1024x750.jpg 1024w, https:\/\/sitioparaisohotel.com.br\/wp-content\/uploads\/2025\/10\/PiscNat-AHPG_vlubambo-7563-1980x1450-1-768x562.jpg 768w, https:\/\/sitioparaisohotel.com.br\/wp-content\/uploads\/2025\/10\/PiscNat-AHPG_vlubambo-7563-1980x1450-1-1536x1125.jpg 1536w\" sizes=\"(max-width: 1980px) 100vw, 1980px\" \/>\t\t\t\t\t\t\t\t\t\t\t\t\t\t\t<\/div>\n\t\t\t\t<\/div>\n\t\t\t\t\t<\/div>\n\t\t<\/div>\n\t\t\t\t<div class=\"elementor-column elementor-col-33 elementor-top-column elementor-element elementor-element-a4737f1\" data-id=\"a4737f1\" data-element_type=\"column\">\n\t\t\t<div class=\"elementor-widget-wrap elementor-element-populated\">\n\t\t\t\t\t\t<div class=\"elementor-element elementor-element-aacf80e elementor-widget elementor-widget-image\" data-id=\"aacf80e\" data-element_type=\"widget\" data-widget_type=\"image.default\">\n\t\t\t\t<div class=\"elementor-widget-container\">\n\t\t\t\t\t\t\t\t\t\t\t\t\t\t\t<img decoding=\"async\" width=\"626\" height=\"341\" src=\"https:\/\/sitioparaisohotel.com.br\/wp-content\/uploads\/2025\/10\/aviao-voando-sobre-o-mar-contra-um-ceu-azul-claro_1048944-25532517.avif\" class=\"elementor-animation-grow attachment-full size-full wp-image-680\" alt=\"\" srcset=\"https:\/\/sitioparaisohotel.com.br\/wp-content\/uploads\/2025\/10\/aviao-voando-sobre-o-mar-contra-um-ceu-azul-claro_1048944-25532517.avif 626w, https:\/\/sitioparaisohotel.com.br\/wp-content\/uploads\/2025\/10\/aviao-voando-sobre-o-mar-contra-um-ceu-azul-claro_1048944-25532517-300x163.avif 300w\" sizes=\"(max-width: 626px) 100vw, 626px\" \/>\t\t\t\t\t\t\t\t\t\t\t\t\t\t\t<\/div>\n\t\t\t\t<\/div>\n\t\t\t\t<div class=\"elementor-element elementor-element-02cfba1 elementor-widget elementor-widget-text-editor\" data-id=\"02cfba1\" data-element_type=\"widget\" data-widget_type=\"text-editor.default\">\n\t\t\t\t<div class=\"elementor-widget-container\">\n\t\t\t\t\t\t\t\t\t<p>Sua viagem come\u00e7a com praticidade! Estamos a <strong data-start=\"203\" data-end=\"233\">somente 30 km do Aeroporto<\/strong><\/p>\t\t\t\t\t\t\t\t<\/div>\n\t\t\t\t<\/div>\n\t\t\t\t\t<\/div>\n\t\t<\/div>\n\t\t\t\t\t<\/div>\n\t\t<\/section>\n\t\t\t\t<section class=\"elementor-section elementor-top-section elementor-element elementor-element-40046da elementor-section-content-middle elementor-section-boxed elementor-section-height-default elementor-section-height-default\" data-id=\"40046da\" data-element_type=\"section\">\n\t\t\t\t\t\t<div class=\"elementor-container elementor-column-gap-no\">\n\t\t\t\t\t<div class=\"elementor-column elementor-col-33 elementor-top-column elementor-element elementor-element-12c9ba4\" data-id=\"12c9ba4\" data-element_type=\"column\">\n\t\t\t<div class=\"elementor-widget-wrap elementor-element-populated\">\n\t\t\t\t\t\t<div class=\"elementor-element elementor-element-9912539 elementor-widget elementor-widget-text-editor\" data-id=\"9912539\" data-element_type=\"widget\" data-widget_type=\"text-editor.default\">\n\t\t\t\t<div class=\"elementor-widget-container\">\n\t\t\t\t\t\t\t\t\t<p>\u00e0s ru\u00ednas do Convento Carmelita O pequeno vilarejo abriga alguns constru\u00e7\u00f5es e monumentos hist\u00f3ricos da \u00e9poca do Brasil col\u00f4nia. O foco principal \u00e9 a Igreja de Nossa senhora da Nazar\u00e9, um dos melhores locais tur\u00edsticos para visitar no Cabo de Santo Agostinho.<\/p>\t\t\t\t\t\t\t\t<\/div>\n\t\t\t\t<\/div>\n\t\t\t\t<div class=\"elementor-element elementor-element-9d495a2 elementor-widget elementor-widget-image\" data-id=\"9d495a2\" data-element_type=\"widget\" data-widget_type=\"image.default\">\n\t\t\t\t<div class=\"elementor-widget-container\">\n\t\t\t\t\t\t\t\t\t\t\t\t\t\t\t<img decoding=\"async\" width=\"800\" height=\"533\" src=\"https:\/\/sitioparaisohotel.com.br\/wp-content\/uploads\/2025\/10\/ruina.jpg\" class=\"elementor-animation-grow attachment-large size-large wp-image-682\" alt=\"\" srcset=\"https:\/\/sitioparaisohotel.com.br\/wp-content\/uploads\/2025\/10\/ruina.jpg 800w, https:\/\/sitioparaisohotel.com.br\/wp-content\/uploads\/2025\/10\/ruina-300x200.jpg 300w, https:\/\/sitioparaisohotel.com.br\/wp-content\/uploads\/2025\/10\/ruina-768x512.jpg 768w\" sizes=\"(max-width: 800px) 100vw, 800px\" \/>\t\t\t\t\t\t\t\t\t\t\t\t\t\t\t<\/div>\n\t\t\t\t<\/div>\n\t\t\t\t\t<\/div>\n\t\t<\/div>\n\t\t\t\t<div class=\"elementor-column elementor-col-33 elementor-top-column elementor-element elementor-element-e27597c\" data-id=\"e27597c\" data-element_type=\"column\">\n\t\t\t<div class=\"elementor-widget-wrap elementor-element-populated\">\n\t\t\t\t\t\t<div class=\"elementor-element elementor-element-f250fb1 elementor-widget elementor-widget-image\" data-id=\"f250fb1\" data-element_type=\"widget\" data-widget_type=\"image.default\">\n\t\t\t\t<div class=\"elementor-widget-container\">\n\t\t\t\t\t\t\t\t\t\t\t\t\t\t\t<img loading=\"lazy\" decoding=\"async\" width=\"678\" height=\"407\" src=\"https:\/\/sitioparaisohotel.com.br\/wp-content\/uploads\/2025\/10\/1520253838843.jpeg\" class=\"elementor-animation-grow attachment-large size-large wp-image-681\" alt=\"\" srcset=\"https:\/\/sitioparaisohotel.com.br\/wp-content\/uploads\/2025\/10\/1520253838843.jpeg 678w, https:\/\/sitioparaisohotel.com.br\/wp-content\/uploads\/2025\/10\/1520253838843-300x180.jpeg 300w\" sizes=\"(max-width: 678px) 100vw, 678px\" \/>\t\t\t\t\t\t\t\t\t\t\t\t\t\t\t<\/div>\n\t\t\t\t<\/div>\n\t\t\t\t<div class=\"elementor-element elementor-element-591e109 elementor-widget elementor-widget-text-editor\" data-id=\"591e109\" data-element_type=\"widget\" data-widget_type=\"text-editor.default\">\n\t\t\t\t<div class=\"elementor-widget-container\">\n\t\t\t\t\t\t\t\t\t<p>Tombada pelo Patrim\u00f4nio Hist\u00f3rico Nacional, a Praia de Calhetas \u00e9 considerada uma das praias mais bonitas do Cabo de Santo Agostinho.<\/p>\t\t\t\t\t\t\t\t<\/div>\n\t\t\t\t<\/div>\n\t\t\t\t\t<\/div>\n\t\t<\/div>\n\t\t\t\t<div class=\"elementor-column elementor-col-33 elementor-top-column elementor-element elementor-element-13b60f7\" data-id=\"13b60f7\" data-element_type=\"column\">\n\t\t\t<div class=\"elementor-widget-wrap elementor-element-populated\">\n\t\t\t\t\t\t<div class=\"elementor-element elementor-element-1bafd2a elementor-widget elementor-widget-text-editor\" data-id=\"1bafd2a\" data-element_type=\"widget\" data-widget_type=\"text-editor.default\">\n\t\t\t\t<div class=\"elementor-widget-container\">\n\t\t\t\t\t\t\t\t\t<p>O Forte do Pontal de Nazar\u00e9, tamb\u00e9m referido como Castelo do Mar, localizava-se no pontal de Nazar\u00e9, no atual munic\u00edpio de Cabo de Santo Agostinho, litoral sul do estado de Pernambuco, Brasil<\/p>\t\t\t\t\t\t\t\t<\/div>\n\t\t\t\t<\/div>\n\t\t\t\t<div class=\"elementor-element elementor-element-5d6f4ca elementor-widget elementor-widget-image\" data-id=\"5d6f4ca\" data-element_type=\"widget\" data-widget_type=\"image.default\">\n\t\t\t\t<div class=\"elementor-widget-container\">\n\t\t\t\t\t\t\t\t\t\t\t\t\t\t\t<img loading=\"lazy\" decoding=\"async\" width=\"800\" height=\"450\" src=\"https:\/\/sitioparaisohotel.com.br\/wp-content\/uploads\/2025\/10\/Ruinas-do-antigo-Quartel-\u2013-Forte-Castelo-do-Mar-\u2013-PE.jpg\" class=\"elementor-animation-grow attachment-full size-full wp-image-683\" alt=\"\" srcset=\"https:\/\/sitioparaisohotel.com.br\/wp-content\/uploads\/2025\/10\/Ruinas-do-antigo-Quartel-\u2013-Forte-Castelo-do-Mar-\u2013-PE.jpg 800w, https:\/\/sitioparaisohotel.com.br\/wp-content\/uploads\/2025\/10\/Ruinas-do-antigo-Quartel-\u2013-Forte-Castelo-do-Mar-\u2013-PE-300x169.jpg 300w, https:\/\/sitioparaisohotel.com.br\/wp-content\/uploads\/2025\/10\/Ruinas-do-antigo-Quartel-\u2013-Forte-Castelo-do-Mar-\u2013-PE-768x432.jpg 768w\" sizes=\"(max-width: 800px) 100vw, 800px\" \/>\t\t\t\t\t\t\t\t\t\t\t\t\t\t\t<\/div>\n\t\t\t\t<\/div>\n\t\t\t\t\t<\/div>\n\t\t<\/div>\n\t\t\t\t\t<\/div>\n\t\t<\/section>\n\t\t\t\t<\/div>\n\t\t","protected":false},"excerpt":{"rendered":"<p>Descubra e curta A Apenas 20 km da Encantadora Praia de Porto de Galinhas! Imagine-se a poucos minutos de um dos destinos mais paradis\u00edacos do Brasil. N\u00f3s estamos a apenas 20 km da Praia de Porto de Galinhas Sua viagem come\u00e7a com praticidade! Estamos a somente 30 km do Aeroporto \u00e0s ru\u00ednas do Convento Carmelita [&hellip;]<\/p>\n","protected":false},"author":13,"featured_media":0,"parent":0,"menu_order":0,"comment_status":"closed","ping_status":"closed","template":"elementor_header_footer","meta":{"_acf_changed":false,"footnotes":""},"class_list":["post-26","page","type-page","status-publish","hentry"],"acf":[],"yoast_head":"<!-- This site is optimized with the Yoast SEO plugin v24.6 - https:\/\/yoast.com\/wordpress\/plugins\/seo\/ -->\n<title>A cidade - Pousada S\u00edtio Para\u00edso<\/title>\n<meta name=\"robots\" content=\"noindex, follow, max-snippet:-1, max-image-preview:large, max-video-preview:-1\" \/>\n<meta property=\"og:locale\" content=\"pt_BR\" \/>\n<meta property=\"og:type\" content=\"article\" \/>\n<meta property=\"og:title\" content=\"A cidade - Pousada S\u00edtio Para\u00edso\" \/>\n<meta property=\"og:description\" content=\"Descubra e curta A Apenas 20 km da Encantadora Praia de Porto de Galinhas! Imagine-se a poucos minutos de um dos destinos mais paradis\u00edacos do Brasil. N\u00f3s estamos a apenas 20 km da Praia de Porto de Galinhas Sua viagem come\u00e7a com praticidade! Estamos a somente 30 km do Aeroporto \u00e0s ru\u00ednas do Convento Carmelita [&hellip;]\" \/>\n<meta property=\"og:url\" content=\"https:\/\/sitioparaisohotel.com.br\/?page_id=26\" \/>\n<meta property=\"og:site_name\" content=\"Pousada S\u00edtio Para\u00edso\" \/>\n<meta property=\"article:modified_time\" content=\"2025-10-06T13:19:38+00:00\" \/>\n<meta property=\"og:image\" content=\"http:\/\/sitioparaisohotel.com.br\/wp-content\/uploads\/2025\/10\/PiscNat-AHPG_vlubambo-7563-1980x1450-1.jpg\" \/>\n<meta name=\"twitter:card\" content=\"summary_large_image\" \/>\n<meta name=\"twitter:label1\" content=\"Est. tempo de leitura\" \/>\n\t<meta name=\"twitter:data1\" content=\"2 minutos\" \/>\n<script type=\"application\/ld+json\" class=\"yoast-schema-graph\">{\"@context\":\"https:\/\/schema.org\",\"@graph\":[{\"@type\":\"WebPage\",\"@id\":\"https:\/\/sitioparaisohotel.com.br\/?page_id=26\",\"url\":\"https:\/\/sitioparaisohotel.com.br\/?page_id=26\",\"name\":\"A cidade - Pousada S\u00edtio Para\u00edso\",\"isPartOf\":{\"@id\":\"https:\/\/sitioparaisohotel.com.br\/#website\"},\"primaryImageOfPage\":{\"@id\":\"https:\/\/sitioparaisohotel.com.br\/?page_id=26#primaryimage\"},\"image\":{\"@id\":\"https:\/\/sitioparaisohotel.com.br\/?page_id=26#primaryimage\"},\"thumbnailUrl\":\"http:\/\/sitioparaisohotel.com.br\/wp-content\/uploads\/2025\/10\/PiscNat-AHPG_vlubambo-7563-1980x1450-1.jpg\",\"datePublished\":\"2023-06-27T21:59:55+00:00\",\"dateModified\":\"2025-10-06T13:19:38+00:00\",\"breadcrumb\":{\"@id\":\"https:\/\/sitioparaisohotel.com.br\/?page_id=26#breadcrumb\"},\"inLanguage\":\"pt-BR\",\"potentialAction\":[{\"@type\":\"ReadAction\",\"target\":[\"https:\/\/sitioparaisohotel.com.br\/?page_id=26\"]}]},{\"@type\":\"ImageObject\",\"inLanguage\":\"pt-BR\",\"@id\":\"https:\/\/sitioparaisohotel.com.br\/?page_id=26#primaryimage\",\"url\":\"http:\/\/sitioparaisohotel.com.br\/wp-content\/uploads\/2025\/10\/PiscNat-AHPG_vlubambo-7563-1980x1450-1.jpg\",\"contentUrl\":\"http:\/\/sitioparaisohotel.com.br\/wp-content\/uploads\/2025\/10\/PiscNat-AHPG_vlubambo-7563-1980x1450-1.jpg\"},{\"@type\":\"BreadcrumbList\",\"@id\":\"https:\/\/sitioparaisohotel.com.br\/?page_id=26#breadcrumb\",\"itemListElement\":[{\"@type\":\"ListItem\",\"position\":1,\"name\":\"In\u00edcio\",\"item\":\"https:\/\/sitioparaisohotel.com.br\/\"},{\"@type\":\"ListItem\",\"position\":2,\"name\":\"A cidade\"}]},{\"@type\":\"WebSite\",\"@id\":\"https:\/\/sitioparaisohotel.com.br\/#website\",\"url\":\"https:\/\/sitioparaisohotel.com.br\/\",\"name\":\"Bitz Hotel\",\"description\":\"Seu ref\u00fagio perfeito em Cabo de Santo Agostinho!\",\"publisher\":{\"@id\":\"https:\/\/sitioparaisohotel.com.br\/#organization\"},\"alternateName\":\"Template Website Bitz Hotel\",\"potentialAction\":[{\"@type\":\"SearchAction\",\"target\":{\"@type\":\"EntryPoint\",\"urlTemplate\":\"https:\/\/sitioparaisohotel.com.br\/?s={search_term_string}\"},\"query-input\":{\"@type\":\"PropertyValueSpecification\",\"valueRequired\":true,\"valueName\":\"search_term_string\"}}],\"inLanguage\":\"pt-BR\"},{\"@type\":\"Organization\",\"@id\":\"https:\/\/sitioparaisohotel.com.br\/#organization\",\"name\":\"Bitz Hotel\",\"url\":\"https:\/\/sitioparaisohotel.com.br\/\",\"logo\":{\"@type\":\"ImageObject\",\"inLanguage\":\"pt-BR\",\"@id\":\"https:\/\/sitioparaisohotel.com.br\/#\/schema\/logo\/image\/\",\"url\":\"https:\/\/sitioparaisohotel.com.br\/wp-content\/uploads\/2023\/06\/Imagem3.png\",\"contentUrl\":\"https:\/\/sitioparaisohotel.com.br\/wp-content\/uploads\/2023\/06\/Imagem3.png\",\"width\":1341,\"height\":672,\"caption\":\"Bitz Hotel\"},\"image\":{\"@id\":\"https:\/\/sitioparaisohotel.com.br\/#\/schema\/logo\/image\/\"}}]}<\/script>\n<!-- \/ Yoast SEO plugin. -->","yoast_head_json":{"title":"A cidade - Pousada S\u00edtio Para\u00edso","robots":{"index":"noindex","follow":"follow","max-snippet":"max-snippet:-1","max-image-preview":"max-image-preview:large","max-video-preview":"max-video-preview:-1"},"og_locale":"pt_BR","og_type":"article","og_title":"A cidade - Pousada S\u00edtio Para\u00edso","og_description":"Descubra e curta A Apenas 20 km da Encantadora Praia de Porto de Galinhas! Imagine-se a poucos minutos de um dos destinos mais paradis\u00edacos do Brasil. N\u00f3s estamos a apenas 20 km da Praia de Porto de Galinhas Sua viagem come\u00e7a com praticidade! Estamos a somente 30 km do Aeroporto \u00e0s ru\u00ednas do Convento Carmelita [&hellip;]","og_url":"https:\/\/sitioparaisohotel.com.br\/?page_id=26","og_site_name":"Pousada S\u00edtio Para\u00edso","article_modified_time":"2025-10-06T13:19:38+00:00","og_image":[{"url":"http:\/\/sitioparaisohotel.com.br\/wp-content\/uploads\/2025\/10\/PiscNat-AHPG_vlubambo-7563-1980x1450-1.jpg","type":"","width":"","height":""}],"twitter_card":"summary_large_image","twitter_misc":{"Est. tempo de leitura":"2 minutos"},"schema":{"@context":"https:\/\/schema.org","@graph":[{"@type":"WebPage","@id":"https:\/\/sitioparaisohotel.com.br\/?page_id=26","url":"https:\/\/sitioparaisohotel.com.br\/?page_id=26","name":"A cidade - Pousada S\u00edtio Para\u00edso","isPartOf":{"@id":"https:\/\/sitioparaisohotel.com.br\/#website"},"primaryImageOfPage":{"@id":"https:\/\/sitioparaisohotel.com.br\/?page_id=26#primaryimage"},"image":{"@id":"https:\/\/sitioparaisohotel.com.br\/?page_id=26#primaryimage"},"thumbnailUrl":"http:\/\/sitioparaisohotel.com.br\/wp-content\/uploads\/2025\/10\/PiscNat-AHPG_vlubambo-7563-1980x1450-1.jpg","datePublished":"2023-06-27T21:59:55+00:00","dateModified":"2025-10-06T13:19:38+00:00","breadcrumb":{"@id":"https:\/\/sitioparaisohotel.com.br\/?page_id=26#breadcrumb"},"inLanguage":"pt-BR","potentialAction":[{"@type":"ReadAction","target":["https:\/\/sitioparaisohotel.com.br\/?page_id=26"]}]},{"@type":"ImageObject","inLanguage":"pt-BR","@id":"https:\/\/sitioparaisohotel.com.br\/?page_id=26#primaryimage","url":"http:\/\/sitioparaisohotel.com.br\/wp-content\/uploads\/2025\/10\/PiscNat-AHPG_vlubambo-7563-1980x1450-1.jpg","contentUrl":"http:\/\/sitioparaisohotel.com.br\/wp-content\/uploads\/2025\/10\/PiscNat-AHPG_vlubambo-7563-1980x1450-1.jpg"},{"@type":"BreadcrumbList","@id":"https:\/\/sitioparaisohotel.com.br\/?page_id=26#breadcrumb","itemListElement":[{"@type":"ListItem","position":1,"name":"In\u00edcio","item":"https:\/\/sitioparaisohotel.com.br\/"},{"@type":"ListItem","position":2,"name":"A cidade"}]},{"@type":"WebSite","@id":"https:\/\/sitioparaisohotel.com.br\/#website","url":"https:\/\/sitioparaisohotel.com.br\/","name":"Bitz Hotel","description":"Seu ref\u00fagio perfeito em Cabo de Santo Agostinho!","publisher":{"@id":"https:\/\/sitioparaisohotel.com.br\/#organization"},"alternateName":"Template Website Bitz Hotel","potentialAction":[{"@type":"SearchAction","target":{"@type":"EntryPoint","urlTemplate":"https:\/\/sitioparaisohotel.com.br\/?s={search_term_string}"},"query-input":{"@type":"PropertyValueSpecification","valueRequired":true,"valueName":"search_term_string"}}],"inLanguage":"pt-BR"},{"@type":"Organization","@id":"https:\/\/sitioparaisohotel.com.br\/#organization","name":"Bitz Hotel","url":"https:\/\/sitioparaisohotel.com.br\/","logo":{"@type":"ImageObject","inLanguage":"pt-BR","@id":"https:\/\/sitioparaisohotel.com.br\/#\/schema\/logo\/image\/","url":"https:\/\/sitioparaisohotel.com.br\/wp-content\/uploads\/2023\/06\/Imagem3.png","contentUrl":"https:\/\/sitioparaisohotel.com.br\/wp-content\/uploads\/2023\/06\/Imagem3.png","width":1341,"height":672,"caption":"Bitz Hotel"},"image":{"@id":"https:\/\/sitioparaisohotel.com.br\/#\/schema\/logo\/image\/"}}]}},"_links":{"self":[{"href":"https:\/\/sitioparaisohotel.com.br\/index.php?rest_route=\/wp\/v2\/pages\/26","targetHints":{"allow":["GET"]}}],"collection":[{"href":"https:\/\/sitioparaisohotel.com.br\/index.php?rest_route=\/wp\/v2\/pages"}],"about":[{"href":"https:\/\/sitioparaisohotel.com.br\/index.php?rest_route=\/wp\/v2\/types\/page"}],"author":[{"embeddable":true,"href":"https:\/\/sitioparaisohotel.com.br\/index.php?rest_route=\/wp\/v2\/users\/13"}],"replies":[{"embeddable":true,"href":"https:\/\/sitioparaisohotel.com.br\/index.php?rest_route=%2Fwp%2Fv2%2Fcomments&post=26"}],"version-history":[{"count":12,"href":"https:\/\/sitioparaisohotel.com.br\/index.php?rest_route=\/wp\/v2\/pages\/26\/revisions"}],"predecessor-version":[{"id":686,"href":"https:\/\/sitioparaisohotel.com.br\/index.php?rest_route=\/wp\/v2\/pages\/26\/revisions\/686"}],"wp:attachment":[{"href":"https:\/\/sitioparaisohotel.com.br\/index.php?rest_route=%2Fwp%2Fv2%2Fmedia&parent=26"}],"curies":[{"name":"wp","href":"https:\/\/api.w.org\/{rel}","templated":true}]}}