{"id":22,"date":"2023-06-27T18:59:14","date_gmt":"2023-06-27T21:59:14","guid":{"rendered":"http:\/\/sitioparaisohotel.com.br\/?page_id=22"},"modified":"2025-10-21T14:36:18","modified_gmt":"2025-10-21T17:36:18","slug":"lazer","status":"publish","type":"page","link":"https:\/\/sitioparaisohotel.com.br\/?page_id=22","title":{"rendered":"Day Use"},"content":{"rendered":"\t\t<div data-elementor-type=\"wp-page\" data-elementor-id=\"22\" class=\"elementor elementor-22\" data-elementor-post-type=\"page\">\n\t\t\t\t\t\t<section class=\"elementor-section elementor-top-section elementor-element elementor-element-f0997e4 elementor-section-content-middle elementor-section-boxed elementor-section-height-default elementor-section-height-default\" data-id=\"f0997e4\" data-element_type=\"section\">\n\t\t\t\t\t\t<div class=\"elementor-container elementor-column-gap-no\">\n\t\t\t\t\t<div class=\"elementor-column elementor-col-33 elementor-top-column elementor-element elementor-element-2944905\" data-id=\"2944905\" data-element_type=\"column\">\n\t\t\t<div class=\"elementor-widget-wrap elementor-element-populated\">\n\t\t\t\t\t\t<div class=\"elementor-element elementor-element-caf23a2 elementor-widget elementor-widget-text-editor\" data-id=\"caf23a2\" data-element_type=\"widget\" data-widget_type=\"text-editor.default\">\n\t\t\t\t<div class=\"elementor-widget-container\">\n\t\t\t\t\t\t\t\t\t<p>Para voc\u00ea n\u00e3o ficar parado<\/p>\t\t\t\t\t\t\t\t<\/div>\n\t\t\t\t<\/div>\n\t\t\t\t<div class=\"elementor-element elementor-element-fe3a603 elementor-widget elementor-widget-heading\" data-id=\"fe3a603\" data-element_type=\"widget\" data-widget_type=\"heading.default\">\n\t\t\t\t<div class=\"elementor-widget-container\">\n\t\t\t\t\t<h1 class=\"elementor-heading-title elementor-size-default\">Day Use<\/h1>\t\t\t\t<\/div>\n\t\t\t\t<\/div>\n\t\t\t\t<div class=\"elementor-element elementor-element-759c1e8 elementor-widget-divider--view-line elementor-widget elementor-widget-divider\" data-id=\"759c1e8\" data-element_type=\"widget\" data-widget_type=\"divider.default\">\n\t\t\t\t<div class=\"elementor-widget-container\">\n\t\t\t\t\t\t\t<div class=\"elementor-divider\">\n\t\t\t<span class=\"elementor-divider-separator\">\n\t\t\t\t\t\t<\/span>\n\t\t<\/div>\n\t\t\t\t\t\t<\/div>\n\t\t\t\t<\/div>\n\t\t\t\t\t<\/div>\n\t\t<\/div>\n\t\t\t\t<div class=\"elementor-column elementor-col-33 elementor-top-column elementor-element elementor-element-9654403\" data-id=\"9654403\" data-element_type=\"column\">\n\t\t\t<div class=\"elementor-widget-wrap elementor-element-populated\">\n\t\t\t\t\t\t<div class=\"elementor-element elementor-element-81fa1cc elementor-widget elementor-widget-image\" data-id=\"81fa1cc\" data-element_type=\"widget\" data-widget_type=\"image.default\">\n\t\t\t\t<div class=\"elementor-widget-container\">\n\t\t\t\t\t\t\t\t\t\t\t\t\t\t\t<img fetchpriority=\"high\" decoding=\"async\" width=\"2560\" height=\"2048\" src=\"https:\/\/sitioparaisohotel.com.br\/wp-content\/uploads\/2025\/10\/DJI_0951-scaled.jpg\" class=\"elementor-animation-grow attachment-full size-full wp-image-644\" alt=\"\" srcset=\"https:\/\/sitioparaisohotel.com.br\/wp-content\/uploads\/2025\/10\/DJI_0951-scaled.jpg 2560w, https:\/\/sitioparaisohotel.com.br\/wp-content\/uploads\/2025\/10\/DJI_0951-300x240.jpg 300w, https:\/\/sitioparaisohotel.com.br\/wp-content\/uploads\/2025\/10\/DJI_0951-1024x819.jpg 1024w, https:\/\/sitioparaisohotel.com.br\/wp-content\/uploads\/2025\/10\/DJI_0951-768x614.jpg 768w, https:\/\/sitioparaisohotel.com.br\/wp-content\/uploads\/2025\/10\/DJI_0951-1536x1229.jpg 1536w, https:\/\/sitioparaisohotel.com.br\/wp-content\/uploads\/2025\/10\/DJI_0951-2048x1638.jpg 2048w\" sizes=\"(max-width: 2560px) 100vw, 2560px\" \/>\t\t\t\t\t\t\t\t\t\t\t\t\t\t\t<\/div>\n\t\t\t\t<\/div>\n\t\t\t\t<div class=\"elementor-element elementor-element-3d721e5 elementor-widget elementor-widget-text-editor\" data-id=\"3d721e5\" data-element_type=\"widget\" data-widget_type=\"text-editor.default\">\n\t\t\t\t<div class=\"elementor-widget-container\">\n\t\t\t\t\t\t\t\t\t<p data-start=\"250\" data-end=\"363\">Quer aproveitar o melhor da nossa pousada sem precisar ficar a noite inteira? Temos a solu\u00e7\u00e3o perfeita para voc\u00ea!<\/p><p data-start=\"365\" data-end=\"475\">Por uma <strong data-start=\"373\" data-end=\"389\">pequena taxa<\/strong>, voc\u00ea pode desfrutar de toda a nossa estrutura durante o dia, das <strong data-start=\"456\" data-end=\"470\">09h \u00e0s 18h<\/strong>. \ud83c\udfd6\ufe0f<\/p>\t\t\t\t\t\t\t\t<\/div>\n\t\t\t\t<\/div>\n\t\t\t\t\t<\/div>\n\t\t<\/div>\n\t\t\t\t<div class=\"elementor-column elementor-col-33 elementor-top-column elementor-element elementor-element-11a4d35\" data-id=\"11a4d35\" data-element_type=\"column\">\n\t\t\t<div class=\"elementor-widget-wrap elementor-element-populated\">\n\t\t\t\t\t\t<div class=\"elementor-element elementor-element-a83e20c elementor-widget elementor-widget-image\" data-id=\"a83e20c\" data-element_type=\"widget\" data-widget_type=\"image.default\">\n\t\t\t\t<div class=\"elementor-widget-container\">\n\t\t\t\t\t\t\t\t\t\t\t\t\t\t\t<img decoding=\"async\" width=\"2560\" height=\"1707\" src=\"https:\/\/sitioparaisohotel.com.br\/wp-content\/uploads\/2025\/10\/DSC06042-scaled.jpg\" class=\"elementor-animation-grow attachment-full size-full wp-image-646\" alt=\"\" srcset=\"https:\/\/sitioparaisohotel.com.br\/wp-content\/uploads\/2025\/10\/DSC06042-scaled.jpg 2560w, https:\/\/sitioparaisohotel.com.br\/wp-content\/uploads\/2025\/10\/DSC06042-300x200.jpg 300w, https:\/\/sitioparaisohotel.com.br\/wp-content\/uploads\/2025\/10\/DSC06042-1024x683.jpg 1024w, https:\/\/sitioparaisohotel.com.br\/wp-content\/uploads\/2025\/10\/DSC06042-768x512.jpg 768w, https:\/\/sitioparaisohotel.com.br\/wp-content\/uploads\/2025\/10\/DSC06042-1536x1024.jpg 1536w, https:\/\/sitioparaisohotel.com.br\/wp-content\/uploads\/2025\/10\/DSC06042-2048x1365.jpg 2048w\" sizes=\"(max-width: 2560px) 100vw, 2560px\" \/>\t\t\t\t\t\t\t\t\t\t\t\t\t\t\t<\/div>\n\t\t\t\t<\/div>\n\t\t\t\t\t<\/div>\n\t\t<\/div>\n\t\t\t\t\t<\/div>\n\t\t<\/section>\n\t\t\t\t<section class=\"elementor-section elementor-top-section elementor-element elementor-element-ec76c36 elementor-section-boxed elementor-section-height-default elementor-section-height-default\" data-id=\"ec76c36\" data-element_type=\"section\">\n\t\t\t\t\t\t<div class=\"elementor-container elementor-column-gap-default\">\n\t\t\t\t\t<div class=\"elementor-column elementor-col-100 elementor-top-column elementor-element elementor-element-6f54bd9\" data-id=\"6f54bd9\" data-element_type=\"column\">\n\t\t\t<div class=\"elementor-widget-wrap elementor-element-populated\">\n\t\t\t\t\t\t<div class=\"elementor-element elementor-element-9229b86 elementor-align-center elementor-widget__width-initial elementor-absolute elementor-widget elementor-widget-button\" data-id=\"9229b86\" data-element_type=\"widget\" data-settings=\"{&quot;_position&quot;:&quot;absolute&quot;}\" data-widget_type=\"button.default\">\n\t\t\t\t<div class=\"elementor-widget-container\">\n\t\t\t\t\t\t\t\t\t<div class=\"elementor-button-wrapper\">\n\t\t\t\t\t<a class=\"elementor-button elementor-button-link elementor-size-sm\" href=\"https:\/\/dayuse.bitzsoftwares.com.br\/reservas\/098be20c-3219-4fe6-9bfd-c2210b5daa5f\">\n\t\t\t\t\t\t<span class=\"elementor-button-content-wrapper\">\n\t\t\t\t\t\t\t\t\t<span class=\"elementor-button-text\">RESERVA DAY USE<\/span>\n\t\t\t\t\t<\/span>\n\t\t\t\t\t<\/a>\n\t\t\t\t<\/div>\n\t\t\t\t\t\t\t\t<\/div>\n\t\t\t\t<\/div>\n\t\t\t\t\t<\/div>\n\t\t<\/div>\n\t\t\t\t\t<\/div>\n\t\t<\/section>\n\t\t\t\t<section class=\"elementor-section elementor-top-section elementor-element elementor-element-fba041d elementor-section-content-middle elementor-section-boxed elementor-section-height-default elementor-section-height-default\" data-id=\"fba041d\" data-element_type=\"section\">\n\t\t\t\t\t\t<div class=\"elementor-container elementor-column-gap-no\">\n\t\t\t\t\t<div class=\"elementor-column elementor-col-50 elementor-top-column elementor-element elementor-element-2712aaa\" data-id=\"2712aaa\" data-element_type=\"column\">\n\t\t\t<div class=\"elementor-widget-wrap elementor-element-populated\">\n\t\t\t\t\t\t<div class=\"elementor-element elementor-element-bedb7d0 elementor-widget elementor-widget-image\" data-id=\"bedb7d0\" data-element_type=\"widget\" data-widget_type=\"image.default\">\n\t\t\t\t<div class=\"elementor-widget-container\">\n\t\t\t\t\t\t\t\t\t\t\t\t\t\t\t<img decoding=\"async\" width=\"800\" height=\"534\" src=\"https:\/\/sitioparaisohotel.com.br\/wp-content\/uploads\/2025\/09\/POST-2701-1024x683.jpg\" class=\"attachment-large size-large wp-image-564\" alt=\"\" srcset=\"https:\/\/sitioparaisohotel.com.br\/wp-content\/uploads\/2025\/09\/POST-2701-1024x683.jpg 1024w, https:\/\/sitioparaisohotel.com.br\/wp-content\/uploads\/2025\/09\/POST-2701-300x200.jpg 300w, https:\/\/sitioparaisohotel.com.br\/wp-content\/uploads\/2025\/09\/POST-2701-768x512.jpg 768w, https:\/\/sitioparaisohotel.com.br\/wp-content\/uploads\/2025\/09\/POST-2701.jpg 1080w\" sizes=\"(max-width: 800px) 100vw, 800px\" \/>\t\t\t\t\t\t\t\t\t\t\t\t\t\t\t<\/div>\n\t\t\t\t<\/div>\n\t\t\t\t\t<\/div>\n\t\t<\/div>\n\t\t\t\t<div class=\"elementor-column elementor-col-50 elementor-top-column elementor-element elementor-element-356904e\" data-id=\"356904e\" data-element_type=\"column\">\n\t\t\t<div class=\"elementor-widget-wrap elementor-element-populated\">\n\t\t\t\t\t\t<div class=\"elementor-element elementor-element-393a4f1 elementor-widget elementor-widget-text-editor\" data-id=\"393a4f1\" data-element_type=\"widget\" data-widget_type=\"text-editor.default\">\n\t\t\t\t<div class=\"elementor-widget-container\">\n\t\t\t\t\t\t\t\t\t<p>O que voc\u00ea pode aproveitar:<br data-start=\"504\" data-end=\"507\" \/>\ud83c\udf34 \u00c1reas de lazer<br data-start=\"524\" data-end=\"527\" \/>\ud83c\udfca\u200d\u2642\ufe0f Piscina<br data-start=\"540\" data-end=\"543\" \/>\ud83c\udf79 Bar e bebidas geladas<br data-start=\"567\" data-end=\"570\" \/>\ud83c\udf7d\ufe0f Restaurante (se dispon\u00edvel)<br data-start=\"601\" data-end=\"604\" \/>\ud83d\udecb\ufe0f Conforto e tranquilidade em cada cantinho<\/p>\t\t\t\t\t\t\t\t<\/div>\n\t\t\t\t<\/div>\n\t\t\t\t\t<\/div>\n\t\t<\/div>\n\t\t\t\t\t<\/div>\n\t\t<\/section>\n\t\t\t\t<\/div>\n\t\t","protected":false},"excerpt":{"rendered":"<p>Para voc\u00ea n\u00e3o ficar parado Quer aproveitar o melhor da nossa pousada sem precisar ficar a noite inteira? Temos a solu\u00e7\u00e3o perfeita para voc\u00ea! Por uma pequena taxa, voc\u00ea pode desfrutar de toda a nossa estrutura durante o dia, das 09h \u00e0s 18h. \ud83c\udfd6\ufe0f RESERVA DAY USE O que voc\u00ea pode aproveitar:\ud83c\udf34 \u00c1reas de lazer\ud83c\udfca\u200d\u2642\ufe0f [&hellip;]<\/p>\n","protected":false},"author":13,"featured_media":0,"parent":0,"menu_order":0,"comment_status":"closed","ping_status":"closed","template":"","meta":{"_acf_changed":false,"footnotes":""},"class_list":["post-22","page","type-page","status-publish","hentry"],"acf":[],"yoast_head":"<!-- This site is optimized with the Yoast SEO plugin v24.6 - https:\/\/yoast.com\/wordpress\/plugins\/seo\/ -->\n<title>Day Use - Pousada S\u00edtio Para\u00edso<\/title>\n<meta name=\"robots\" content=\"noindex, follow, max-snippet:-1, max-image-preview:large, max-video-preview:-1\" \/>\n<meta property=\"og:locale\" content=\"pt_BR\" \/>\n<meta property=\"og:type\" content=\"article\" \/>\n<meta property=\"og:title\" content=\"Day Use - Pousada S\u00edtio Para\u00edso\" \/>\n<meta property=\"og:description\" content=\"Para voc\u00ea n\u00e3o ficar parado Quer aproveitar o melhor da nossa pousada sem precisar ficar a noite inteira? Temos a solu\u00e7\u00e3o perfeita para voc\u00ea! Por uma pequena taxa, voc\u00ea pode desfrutar de toda a nossa estrutura durante o dia, das 09h \u00e0s 18h. \ud83c\udfd6\ufe0f RESERVA DAY USE O que voc\u00ea pode aproveitar:\ud83c\udf34 \u00c1reas de lazer\ud83c\udfca\u200d\u2642\ufe0f [&hellip;]\" \/>\n<meta property=\"og:url\" content=\"https:\/\/sitioparaisohotel.com.br\/?page_id=22\" \/>\n<meta property=\"og:site_name\" content=\"Pousada S\u00edtio Para\u00edso\" \/>\n<meta property=\"article:modified_time\" content=\"2025-10-21T17:36:18+00:00\" \/>\n<meta property=\"og:image\" content=\"http:\/\/sitioparaisohotel.com.br\/wp-content\/uploads\/2025\/10\/DJI_0951-scaled.jpg\" \/>\n<meta name=\"twitter:card\" content=\"summary_large_image\" \/>\n<meta name=\"twitter:label1\" content=\"Est. tempo de leitura\" \/>\n\t<meta name=\"twitter:data1\" content=\"2 minutos\" \/>\n<script type=\"application\/ld+json\" class=\"yoast-schema-graph\">{\"@context\":\"https:\/\/schema.org\",\"@graph\":[{\"@type\":\"WebPage\",\"@id\":\"https:\/\/sitioparaisohotel.com.br\/?page_id=22\",\"url\":\"https:\/\/sitioparaisohotel.com.br\/?page_id=22\",\"name\":\"Day Use - Pousada S\u00edtio Para\u00edso\",\"isPartOf\":{\"@id\":\"https:\/\/sitioparaisohotel.com.br\/#website\"},\"primaryImageOfPage\":{\"@id\":\"https:\/\/sitioparaisohotel.com.br\/?page_id=22#primaryimage\"},\"image\":{\"@id\":\"https:\/\/sitioparaisohotel.com.br\/?page_id=22#primaryimage\"},\"thumbnailUrl\":\"http:\/\/sitioparaisohotel.com.br\/wp-content\/uploads\/2025\/10\/DJI_0951-scaled.jpg\",\"datePublished\":\"2023-06-27T21:59:14+00:00\",\"dateModified\":\"2025-10-21T17:36:18+00:00\",\"breadcrumb\":{\"@id\":\"https:\/\/sitioparaisohotel.com.br\/?page_id=22#breadcrumb\"},\"inLanguage\":\"pt-BR\",\"potentialAction\":[{\"@type\":\"ReadAction\",\"target\":[\"https:\/\/sitioparaisohotel.com.br\/?page_id=22\"]}]},{\"@type\":\"ImageObject\",\"inLanguage\":\"pt-BR\",\"@id\":\"https:\/\/sitioparaisohotel.com.br\/?page_id=22#primaryimage\",\"url\":\"http:\/\/sitioparaisohotel.com.br\/wp-content\/uploads\/2025\/10\/DJI_0951-scaled.jpg\",\"contentUrl\":\"http:\/\/sitioparaisohotel.com.br\/wp-content\/uploads\/2025\/10\/DJI_0951-scaled.jpg\"},{\"@type\":\"BreadcrumbList\",\"@id\":\"https:\/\/sitioparaisohotel.com.br\/?page_id=22#breadcrumb\",\"itemListElement\":[{\"@type\":\"ListItem\",\"position\":1,\"name\":\"In\u00edcio\",\"item\":\"https:\/\/sitioparaisohotel.com.br\/\"},{\"@type\":\"ListItem\",\"position\":2,\"name\":\"Day Use\"}]},{\"@type\":\"WebSite\",\"@id\":\"https:\/\/sitioparaisohotel.com.br\/#website\",\"url\":\"https:\/\/sitioparaisohotel.com.br\/\",\"name\":\"Bitz Hotel\",\"description\":\"Seu ref\u00fagio perfeito em Cabo de Santo Agostinho!\",\"publisher\":{\"@id\":\"https:\/\/sitioparaisohotel.com.br\/#organization\"},\"alternateName\":\"Template Website Bitz Hotel\",\"potentialAction\":[{\"@type\":\"SearchAction\",\"target\":{\"@type\":\"EntryPoint\",\"urlTemplate\":\"https:\/\/sitioparaisohotel.com.br\/?s={search_term_string}\"},\"query-input\":{\"@type\":\"PropertyValueSpecification\",\"valueRequired\":true,\"valueName\":\"search_term_string\"}}],\"inLanguage\":\"pt-BR\"},{\"@type\":\"Organization\",\"@id\":\"https:\/\/sitioparaisohotel.com.br\/#organization\",\"name\":\"Bitz Hotel\",\"url\":\"https:\/\/sitioparaisohotel.com.br\/\",\"logo\":{\"@type\":\"ImageObject\",\"inLanguage\":\"pt-BR\",\"@id\":\"https:\/\/sitioparaisohotel.com.br\/#\/schema\/logo\/image\/\",\"url\":\"https:\/\/sitioparaisohotel.com.br\/wp-content\/uploads\/2023\/06\/Imagem3.png\",\"contentUrl\":\"https:\/\/sitioparaisohotel.com.br\/wp-content\/uploads\/2023\/06\/Imagem3.png\",\"width\":1341,\"height\":672,\"caption\":\"Bitz Hotel\"},\"image\":{\"@id\":\"https:\/\/sitioparaisohotel.com.br\/#\/schema\/logo\/image\/\"}}]}<\/script>\n<!-- \/ Yoast SEO plugin. -->","yoast_head_json":{"title":"Day Use - Pousada S\u00edtio Para\u00edso","robots":{"index":"noindex","follow":"follow","max-snippet":"max-snippet:-1","max-image-preview":"max-image-preview:large","max-video-preview":"max-video-preview:-1"},"og_locale":"pt_BR","og_type":"article","og_title":"Day Use - Pousada S\u00edtio Para\u00edso","og_description":"Para voc\u00ea n\u00e3o ficar parado Quer aproveitar o melhor da nossa pousada sem precisar ficar a noite inteira? Temos a solu\u00e7\u00e3o perfeita para voc\u00ea! Por uma pequena taxa, voc\u00ea pode desfrutar de toda a nossa estrutura durante o dia, das 09h \u00e0s 18h. \ud83c\udfd6\ufe0f RESERVA DAY USE O que voc\u00ea pode aproveitar:\ud83c\udf34 \u00c1reas de lazer\ud83c\udfca\u200d\u2642\ufe0f [&hellip;]","og_url":"https:\/\/sitioparaisohotel.com.br\/?page_id=22","og_site_name":"Pousada S\u00edtio Para\u00edso","article_modified_time":"2025-10-21T17:36:18+00:00","og_image":[{"url":"http:\/\/sitioparaisohotel.com.br\/wp-content\/uploads\/2025\/10\/DJI_0951-scaled.jpg","type":"","width":"","height":""}],"twitter_card":"summary_large_image","twitter_misc":{"Est. tempo de leitura":"2 minutos"},"schema":{"@context":"https:\/\/schema.org","@graph":[{"@type":"WebPage","@id":"https:\/\/sitioparaisohotel.com.br\/?page_id=22","url":"https:\/\/sitioparaisohotel.com.br\/?page_id=22","name":"Day Use - Pousada S\u00edtio Para\u00edso","isPartOf":{"@id":"https:\/\/sitioparaisohotel.com.br\/#website"},"primaryImageOfPage":{"@id":"https:\/\/sitioparaisohotel.com.br\/?page_id=22#primaryimage"},"image":{"@id":"https:\/\/sitioparaisohotel.com.br\/?page_id=22#primaryimage"},"thumbnailUrl":"http:\/\/sitioparaisohotel.com.br\/wp-content\/uploads\/2025\/10\/DJI_0951-scaled.jpg","datePublished":"2023-06-27T21:59:14+00:00","dateModified":"2025-10-21T17:36:18+00:00","breadcrumb":{"@id":"https:\/\/sitioparaisohotel.com.br\/?page_id=22#breadcrumb"},"inLanguage":"pt-BR","potentialAction":[{"@type":"ReadAction","target":["https:\/\/sitioparaisohotel.com.br\/?page_id=22"]}]},{"@type":"ImageObject","inLanguage":"pt-BR","@id":"https:\/\/sitioparaisohotel.com.br\/?page_id=22#primaryimage","url":"http:\/\/sitioparaisohotel.com.br\/wp-content\/uploads\/2025\/10\/DJI_0951-scaled.jpg","contentUrl":"http:\/\/sitioparaisohotel.com.br\/wp-content\/uploads\/2025\/10\/DJI_0951-scaled.jpg"},{"@type":"BreadcrumbList","@id":"https:\/\/sitioparaisohotel.com.br\/?page_id=22#breadcrumb","itemListElement":[{"@type":"ListItem","position":1,"name":"In\u00edcio","item":"https:\/\/sitioparaisohotel.com.br\/"},{"@type":"ListItem","position":2,"name":"Day Use"}]},{"@type":"WebSite","@id":"https:\/\/sitioparaisohotel.com.br\/#website","url":"https:\/\/sitioparaisohotel.com.br\/","name":"Bitz Hotel","description":"Seu ref\u00fagio perfeito em Cabo de Santo Agostinho!","publisher":{"@id":"https:\/\/sitioparaisohotel.com.br\/#organization"},"alternateName":"Template Website Bitz Hotel","potentialAction":[{"@type":"SearchAction","target":{"@type":"EntryPoint","urlTemplate":"https:\/\/sitioparaisohotel.com.br\/?s={search_term_string}"},"query-input":{"@type":"PropertyValueSpecification","valueRequired":true,"valueName":"search_term_string"}}],"inLanguage":"pt-BR"},{"@type":"Organization","@id":"https:\/\/sitioparaisohotel.com.br\/#organization","name":"Bitz Hotel","url":"https:\/\/sitioparaisohotel.com.br\/","logo":{"@type":"ImageObject","inLanguage":"pt-BR","@id":"https:\/\/sitioparaisohotel.com.br\/#\/schema\/logo\/image\/","url":"https:\/\/sitioparaisohotel.com.br\/wp-content\/uploads\/2023\/06\/Imagem3.png","contentUrl":"https:\/\/sitioparaisohotel.com.br\/wp-content\/uploads\/2023\/06\/Imagem3.png","width":1341,"height":672,"caption":"Bitz Hotel"},"image":{"@id":"https:\/\/sitioparaisohotel.com.br\/#\/schema\/logo\/image\/"}}]}},"_links":{"self":[{"href":"https:\/\/sitioparaisohotel.com.br\/index.php?rest_route=\/wp\/v2\/pages\/22","targetHints":{"allow":["GET"]}}],"collection":[{"href":"https:\/\/sitioparaisohotel.com.br\/index.php?rest_route=\/wp\/v2\/pages"}],"about":[{"href":"https:\/\/sitioparaisohotel.com.br\/index.php?rest_route=\/wp\/v2\/types\/page"}],"author":[{"embeddable":true,"href":"https:\/\/sitioparaisohotel.com.br\/index.php?rest_route=\/wp\/v2\/users\/13"}],"replies":[{"embeddable":true,"href":"https:\/\/sitioparaisohotel.com.br\/index.php?rest_route=%2Fwp%2Fv2%2Fcomments&post=22"}],"version-history":[{"count":7,"href":"https:\/\/sitioparaisohotel.com.br\/index.php?rest_route=\/wp\/v2\/pages\/22\/revisions"}],"predecessor-version":[{"id":649,"href":"https:\/\/sitioparaisohotel.com.br\/index.php?rest_route=\/wp\/v2\/pages\/22\/revisions\/649"}],"wp:attachment":[{"href":"https:\/\/sitioparaisohotel.com.br\/index.php?rest_route=%2Fwp%2Fv2%2Fmedia&parent=22"}],"curies":[{"name":"wp","href":"https:\/\/api.w.org\/{rel}","templated":true}]}}